{"id":1519,"date":"2024-11-04T16:43:58","date_gmt":"2024-11-04T15:43:58","guid":{"rendered":"https:\/\/niro.wmg-webdesign.de\/niro\/"},"modified":"2025-10-27T14:02:22","modified_gmt":"2025-10-27T13:02:22","slug":"niro","status":"publish","type":"page","link":"https:\/\/ni-ro.de\/en\/","title":{"rendered":"NIRO"},"content":{"rendered":"\t\t<div data-elementor-type=\"wp-page\" data-elementor-id=\"1519\" class=\"elementor elementor-1519 elementor-49\" data-elementor-post-type=\"page\">\n\t\t\t\t<div class=\"elementor-element elementor-element-04b8707 e-flex e-con-boxed e-con e-parent\" data-id=\"04b8707\" data-element_type=\"container\" data-e-type=\"container\">\n\t\t\t\t\t<div class=\"e-con-inner\">\n\t\t\t\t<div class=\"elementor-element elementor-element-7cf3b0b elementor--h-position-center elementor--v-position-middle elementor-pagination-position-inside elementor-widget elementor-widget-global elementor-global-1577 elementor-global-1413 elementor-widget-slides\" data-id=\"7cf3b0b\" data-element_type=\"widget\" data-e-type=\"widget\" data-settings=\"{&quot;navigation&quot;:&quot;dots&quot;,&quot;transition_speed&quot;:&quot;1000&quot;,&quot;autoplay_speed&quot;:&quot;500&quot;,&quot;autoplay&quot;:&quot;yes&quot;,&quot;pause_on_hover&quot;:&quot;yes&quot;,&quot;pause_on_interaction&quot;:&quot;yes&quot;,&quot;infinite&quot;:&quot;yes&quot;,&quot;transition&quot;:&quot;slide&quot;}\" data-widget_type=\"slides.default\">\n\t\t\t\t<div class=\"elementor-widget-container\">\n\t\t\t\t\t\t\t\t\t<div class=\"elementor-swiper\">\n\t\t\t\t\t<div class=\"elementor-slides-wrapper elementor-main-swiper swiper\" role=\"region\" aria-roledescription=\"carousel\" aria-label=\"Slider\" dir=\"ltr\" data-animation=\"\">\n\t\t\t\t<div class=\"swiper-wrapper elementor-slides\">\n\t\t\t\t\t\t\t\t\t\t<div class=\"elementor-repeater-item-0d8cabc swiper-slide\" role=\"group\" aria-roledescription=\"slide\"><div class=\"swiper-slide-bg\" role=\"img\" aria-label=\"storzer-2\"><\/div><div class=\"swiper-slide-inner\" ><div class=\"swiper-slide-contents\"><div class=\"elementor-slide-heading\">Mastering the big and small challenges together<\/div><div class=\"elementor-slide-description\"><p>Dr. Hans Dieter Storzer, Managing Director, EBG electro GmbH<\/p>\n<\/div><\/div><\/div><\/div><div class=\"elementor-repeater-item-a00547c swiper-slide\" role=\"group\" aria-roledescription=\"slide\"><div class=\"swiper-slide-bg\" role=\"img\" aria-label=\"schmitz-2\"><\/div><div class=\"swiper-slide-inner\" ><div class=\"swiper-slide-contents\"><div class=\"elementor-slide-heading\">In the network, we are committed to the region and live innovation<\/div><div class=\"elementor-slide-description\"><p>Matthias Schmitz, Managing Partner of SCHMITZ medical GmbH and NIRO Board Member<\/p>\n<\/div><\/div><\/div><\/div><div class=\"elementor-repeater-item-b76162a swiper-slide\" role=\"group\" aria-roledescription=\"slide\"><div class=\"swiper-slide-bg\" role=\"img\" aria-label=\"hoehner-2\"><\/div><div class=\"swiper-slide-inner\" ><div class=\"swiper-slide-contents\"><div class=\"elementor-slide-heading\">NIRO brings members together and provides important impetus<\/div><div class=\"elementor-slide-description\"><p>Detlev H\u00f6hner, Managing Director, Murtfeldt Kunststoffe GmbH &amp; Co. KG<\/p>\n<\/div><\/div><\/div><\/div><div class=\"elementor-repeater-item-cf674ac swiper-slide\" role=\"group\" aria-roledescription=\"slide\"><div class=\"swiper-slide-bg\" role=\"img\" aria-label=\"edelhoff-2\"><\/div><div class=\"swiper-slide-inner\" ><div class=\"swiper-slide-contents\"><div class=\"elementor-slide-heading\">NIRO's strength lies in mutual exchange.<\/div><div class=\"elementor-slide-description\"><p>Alexandra Edelhoff, Head of Human Resources Management, Diagramm Halbach GmbH &amp; Co. KG<\/p>\n<\/div><\/div><\/div><\/div><div class=\"elementor-repeater-item-1c4c9f8 swiper-slide\" role=\"group\" aria-roledescription=\"slide\"><div class=\"swiper-slide-bg\" role=\"img\" aria-label=\"scharne-2\"><\/div><div class=\"swiper-slide-inner\" ><div class=\"swiper-slide-contents\"><div class=\"elementor-slide-heading\">Success lies in joint purchasing<\/div><div class=\"elementor-slide-description\"><p>Sascha Scharne, Purchasing, Group Manager Investment and Service Purchasing ERCO GmbH<\/p>\n<\/div><\/div><\/div><\/div><div class=\"elementor-repeater-item-87b94f7 swiper-slide\" role=\"group\" aria-roledescription=\"slide\"><div class=\"swiper-slide-bg\" role=\"img\" aria-label=\"voigt-2\"><\/div><div class=\"swiper-slide-inner\" ><div class=\"swiper-slide-contents\"><div class=\"elementor-slide-heading\">We are in a network to support each other<\/div><div class=\"elementor-slide-description\"><p>Thomas Voigt, Head of Logistics, Stromag GmbH<\/p>\n<\/div><\/div><\/div><\/div><div class=\"elementor-repeater-item-2219fa3 swiper-slide\" role=\"group\" aria-roledescription=\"slide\"><div class=\"swiper-slide-bg\" role=\"img\" aria-label=\"251027_Brosswitz_Zapp_Querformat\"><\/div><div class=\"swiper-slide-inner\" ><div class=\"swiper-slide-contents\"><div class=\"elementor-slide-heading\">Honest and direct exchange  <\/div><div class=\"elementor-slide-description\"><p>Nadine Brosswitz, Safety Engineer, Quality Management Zapp Systems GmbH<\/p>\n<\/div><\/div><\/div><\/div>\t\t\t\t<\/div>\n\t\t\t\t\t\t\t\t\t\t\t\t\t\t\t\t\t\t\t\t<div class=\"swiper-pagination\"><\/div>\n\t\t\t\t\t\t\t\t\t\t\t\t<\/div>\n\t\t\t\t<\/div>\n\t\t\t\t\t\t\t\t<\/div>\n\t\t\t\t<\/div>\n\t\t\t\t\t<\/div>\n\t\t\t\t<\/div>\n\t\t<div class=\"elementor-element elementor-element-892363d e-con-full e-flex e-con e-parent\" data-id=\"892363d\" data-element_type=\"container\" data-e-type=\"container\" data-settings=\"{&quot;background_background&quot;:&quot;classic&quot;}\">\n\t\t<div class=\"elementor-element elementor-element-771139a e-flex e-con-boxed e-con e-child\" data-id=\"771139a\" data-element_type=\"container\" data-e-type=\"container\">\n\t\t\t\t\t<div class=\"e-con-inner\">\n\t\t\t\t<div class=\"elementor-element elementor-element-6ea493a elementor-widget elementor-widget-image\" data-id=\"6ea493a\" data-element_type=\"widget\" data-e-type=\"widget\" data-widget_type=\"image.default\">\n\t\t\t\t<div class=\"elementor-widget-container\">\n\t\t\t\t\t\t\t\t\t\t\t\t\t\t\t<img decoding=\"async\" width=\"149\" height=\"200\" src=\"https:\/\/ni-ro.de\/wp-content\/uploads\/2024\/11\/Group-15.png\" class=\"attachment-medium size-medium wp-image-394\" alt=\"\" \/>\t\t\t\t\t\t\t\t\t\t\t\t\t\t\t<\/div>\n\t\t\t\t<\/div>\n\t\t<div class=\"elementor-element elementor-element-aeb2ebd e-con-full e-flex e-con e-child\" data-id=\"aeb2ebd\" data-element_type=\"container\" data-e-type=\"container\">\n\t\t\t\t<div class=\"elementor-element elementor-element-c71be8c elementor-widget elementor-widget-heading\" data-id=\"c71be8c\" data-element_type=\"widget\" data-e-type=\"widget\" data-widget_type=\"heading.default\">\n\t\t\t\t<div class=\"elementor-widget-container\">\n\t\t\t\t\t<h2 class=\"elementor-heading-title elementor-size-default\">NIRO - trustworthy, open, genuine<\/h2>\t\t\t\t<\/div>\n\t\t\t\t<\/div>\n\t\t\t\t<div class=\"elementor-element elementor-element-7cc642f elementor-widget elementor-widget-text-editor\" data-id=\"7cc642f\" data-element_type=\"widget\" data-e-type=\"widget\" data-widget_type=\"text-editor.default\">\n\t\t\t\t<div class=\"elementor-widget-container\">\n\t\t\t\t\t\t\t\t\t<p>The <strong>Industrie<\/strong><strong>RuhrOst<\/strong> <strong>network<\/strong>connects strong partners in a forward-looking region. Our network opens up interesting opportunities for you. Together with you, we want to create a sustainable, future-proof and innovative working environment.  <\/p>\t\t\t\t\t\t\t\t<\/div>\n\t\t\t\t<\/div>\n\t\t\t\t<div class=\"elementor-element elementor-element-3092502 elementor-align-right elementor-widget elementor-widget-button\" data-id=\"3092502\" data-element_type=\"widget\" data-e-type=\"widget\" data-widget_type=\"button.default\">\n\t\t\t\t<div class=\"elementor-widget-container\">\n\t\t\t\t\t\t\t\t\t<div class=\"elementor-button-wrapper\">\n\t\t\t\t\t<a class=\"elementor-button elementor-button-link elementor-size-sm\" href=\"https:\/\/ni-ro.de\/en\/niro\/about-niro\/\">\n\t\t\t\t\t\t<span class=\"elementor-button-content-wrapper\">\n\t\t\t\t\t\t<span class=\"elementor-button-icon\">\n\t\t\t\t<svg aria-hidden=\"true\" class=\"e-font-icon-svg e-fas-arrow-right\" viewBox=\"0 0 448 512\" xmlns=\"http:\/\/www.w3.org\/2000\/svg\"><path d=\"M190.5 66.9l22.2-22.2c9.4-9.4 24.6-9.4 33.9 0L441 239c9.4 9.4 9.4 24.6 0 33.9L246.6 467.3c-9.4 9.4-24.6 9.4-33.9 0l-22.2-22.2c-9.5-9.5-9.3-25 .4-34.3L311.4 296H24c-13.3 0-24-10.7-24-24v-32c0-13.3 10.7-24 24-24h287.4L190.9 101.2c-9.8-9.3-10-24.8-.4-34.3z\"><\/path><\/svg>\t\t\t<\/span>\n\t\t\t\t\t\t\t\t\t<span class=\"elementor-button-text\">Learn more about NIRO<\/span>\n\t\t\t\t\t<\/span>\n\t\t\t\t\t<\/a>\n\t\t\t\t<\/div>\n\t\t\t\t\t\t\t\t<\/div>\n\t\t\t\t<\/div>\n\t\t\t\t<\/div>\n\t\t\t\t\t<\/div>\n\t\t\t\t<\/div>\n\t\t\t\t<\/div>\n\t\t<div class=\"elementor-element elementor-element-6bef950 e-con-full e-flex e-con e-parent\" data-id=\"6bef950\" data-element_type=\"container\" data-e-type=\"container\">\n\t\t<div class=\"elementor-element elementor-element-e3d1eec e-flex e-con-boxed e-con e-child\" data-id=\"e3d1eec\" data-element_type=\"container\" data-e-type=\"container\">\n\t\t\t\t\t<div class=\"e-con-inner\">\n\t\t\t\t<div class=\"elementor-element elementor-element-c651350 elementor-widget elementor-widget-heading\" data-id=\"c651350\" data-element_type=\"widget\" data-e-type=\"widget\" data-widget_type=\"heading.default\">\n\t\t\t\t<div class=\"elementor-widget-container\">\n\t\t\t\t\t<h2 class=\"elementor-heading-title elementor-size-default\">Current<\/h2>\t\t\t\t<\/div>\n\t\t\t\t<\/div>\n\t\t\t\t<div class=\"elementor-element elementor-element-a4c5558 elementor-align-right elementor-widget elementor-widget-button\" data-id=\"a4c5558\" data-element_type=\"widget\" data-e-type=\"widget\" data-widget_type=\"button.default\">\n\t\t\t\t<div class=\"elementor-widget-container\">\n\t\t\t\t\t\t\t\t\t<div class=\"elementor-button-wrapper\">\n\t\t\t\t\t<a class=\"elementor-button elementor-button-link elementor-size-sm\" href=\"https:\/\/ni-ro.de\/en\/current\/\">\n\t\t\t\t\t\t<span class=\"elementor-button-content-wrapper\">\n\t\t\t\t\t\t<span class=\"elementor-button-icon\">\n\t\t\t\t<svg aria-hidden=\"true\" class=\"e-font-icon-svg e-fas-arrow-right\" viewBox=\"0 0 448 512\" xmlns=\"http:\/\/www.w3.org\/2000\/svg\"><path d=\"M190.5 66.9l22.2-22.2c9.4-9.4 24.6-9.4 33.9 0L441 239c9.4 9.4 9.4 24.6 0 33.9L246.6 467.3c-9.4 9.4-24.6 9.4-33.9 0l-22.2-22.2c-9.5-9.5-9.3-25 .4-34.3L311.4 296H24c-13.3 0-24-10.7-24-24v-32c0-13.3 10.7-24 24-24h287.4L190.9 101.2c-9.8-9.3-10-24.8-.4-34.3z\"><\/path><\/svg>\t\t\t<\/span>\n\t\t\t\t\t\t\t\t\t<span class=\"elementor-button-text\">View more<\/span>\n\t\t\t\t\t<\/span>\n\t\t\t\t\t<\/a>\n\t\t\t\t<\/div>\n\t\t\t\t\t\t\t\t<\/div>\n\t\t\t\t<\/div>\n\t\t\t\t\t<\/div>\n\t\t\t\t<\/div>\n\t\t<div class=\"elementor-element elementor-element-9901259 e-flex e-con-boxed e-con e-child\" data-id=\"9901259\" data-element_type=\"container\" data-e-type=\"container\">\n\t\t\t\t\t<div class=\"e-con-inner\">\n\t\t\t\t<div class=\"elementor-element elementor-element-b97b917 elementor-grid-3 elementor-grid-tablet-2 elementor-grid-mobile-1 elementor-posts--thumbnail-top elementor-widget elementor-widget-posts\" data-id=\"b97b917\" data-element_type=\"widget\" data-e-type=\"widget\" data-settings=\"{&quot;classic_columns&quot;:&quot;3&quot;,&quot;classic_columns_tablet&quot;:&quot;2&quot;,&quot;classic_columns_mobile&quot;:&quot;1&quot;,&quot;classic_row_gap&quot;:{&quot;unit&quot;:&quot;px&quot;,&quot;size&quot;:35,&quot;sizes&quot;:[]},&quot;classic_row_gap_tablet&quot;:{&quot;unit&quot;:&quot;px&quot;,&quot;size&quot;:&quot;&quot;,&quot;sizes&quot;:[]},&quot;classic_row_gap_mobile&quot;:{&quot;unit&quot;:&quot;px&quot;,&quot;size&quot;:&quot;&quot;,&quot;sizes&quot;:[]}}\" data-widget_type=\"posts.classic\">\n\t\t\t\t<div class=\"elementor-widget-container\">\n\t\t\t\t\t\t\t<div class=\"elementor-posts-container elementor-posts elementor-posts--skin-classic elementor-grid\" role=\"list\">\n\t\t\t\t<article class=\"elementor-post elementor-grid-item post-7349 news_article type-news_article status-publish has-post-thumbnail hentry news_category-aktuell\" role=\"listitem\">\n\t\t\t\t<a class=\"elementor-post__thumbnail__link\" href=\"https:\/\/ni-ro.de\/en\/wa_news\/welcome-to-our-new-member-company-carl-bechem-gmbh\/\" tabindex=\"-1\" >\n\t\t\t<div class=\"elementor-post__thumbnail\"><img fetchpriority=\"high\" decoding=\"async\" width=\"300\" height=\"200\" src=\"https:\/\/ni-ro.de\/wp-content\/uploads\/2026\/04\/BECHEM-Hagenkl-002-300x200.jpg\" class=\"attachment-medium size-medium wp-image-7339\" alt=\"\" srcset=\"https:\/\/ni-ro.de\/wp-content\/uploads\/2026\/04\/BECHEM-Hagenkl-002-300x200.jpg 300w, https:\/\/ni-ro.de\/wp-content\/uploads\/2026\/04\/BECHEM-Hagenkl-002-1024x683.jpg 1024w, https:\/\/ni-ro.de\/wp-content\/uploads\/2026\/04\/BECHEM-Hagenkl-002-768x512.jpg 768w, https:\/\/ni-ro.de\/wp-content\/uploads\/2026\/04\/BECHEM-Hagenkl-002-1536x1024.jpg 1536w, https:\/\/ni-ro.de\/wp-content\/uploads\/2026\/04\/BECHEM-Hagenkl-002-2048x1365.jpg 2048w\" sizes=\"(max-width: 300px) 100vw, 300px\" \/><\/div>\n\t\t<\/a>\n\t\t\t\t<div class=\"elementor-post__text\">\n\t\t\t\t<h3 class=\"elementor-post__title\">\n\t\t\t<a href=\"https:\/\/ni-ro.de\/en\/wa_news\/welcome-to-our-new-member-company-carl-bechem-gmbh\/\" >\n\t\t\t\tWelcome to our new member company CARL BECHEM GMBH\t\t\t<\/a>\n\t\t<\/h3>\n\t\t\t\t<div class=\"elementor-post__meta-data\">\n\t\t\t\t\t<span class=\"elementor-post-date\">\n\t\t\t8. April 2026\t\t<\/span>\n\t\t\t\t<\/div>\n\t\t\n\t\t<a class=\"elementor-post__read-more\" href=\"https:\/\/ni-ro.de\/en\/wa_news\/welcome-to-our-new-member-company-carl-bechem-gmbh\/\" aria-label=\"Read more about Welcome to our new member company CARL BECHEM GMBH\" tabindex=\"-1\" >\n\t\t\tRead more \"\t\t<\/a>\n\n\t\t\t\t<\/div>\n\t\t\t\t<\/article>\n\t\t\t\t<article class=\"elementor-post elementor-grid-item post-7323 news_article type-news_article status-publish has-post-thumbnail hentry news_category-aktuell\" role=\"listitem\">\n\t\t\t\t<a class=\"elementor-post__thumbnail__link\" href=\"https:\/\/ni-ro.de\/en\/wa_news\/welcome-to-niro-stanzwerk-wetter-sichelschmidt-gmbh-co-kg\/\" tabindex=\"-1\" >\n\t\t\t<div class=\"elementor-post__thumbnail\"><img decoding=\"async\" width=\"300\" height=\"200\" src=\"https:\/\/ni-ro.de\/wp-content\/uploads\/2026\/04\/260401-stawett-gebaeude-300x200.jpg\" class=\"attachment-medium size-medium wp-image-7301\" alt=\"\" srcset=\"https:\/\/ni-ro.de\/wp-content\/uploads\/2026\/04\/260401-stawett-gebaeude-300x200.jpg 300w, https:\/\/ni-ro.de\/wp-content\/uploads\/2026\/04\/260401-stawett-gebaeude-1024x683.jpg 1024w, https:\/\/ni-ro.de\/wp-content\/uploads\/2026\/04\/260401-stawett-gebaeude-768x512.jpg 768w, https:\/\/ni-ro.de\/wp-content\/uploads\/2026\/04\/260401-stawett-gebaeude-1536x1024.jpg 1536w, https:\/\/ni-ro.de\/wp-content\/uploads\/2026\/04\/260401-stawett-gebaeude-2048x1365.jpg 2048w\" sizes=\"(max-width: 300px) 100vw, 300px\" \/><\/div>\n\t\t<\/a>\n\t\t\t\t<div class=\"elementor-post__text\">\n\t\t\t\t<h3 class=\"elementor-post__title\">\n\t\t\t<a href=\"https:\/\/ni-ro.de\/en\/wa_news\/welcome-to-niro-stanzwerk-wetter-sichelschmidt-gmbh-co-kg\/\" >\n\t\t\t\tWelcome to NIRO: Stanzwerk Wetter Sichelschmidt GmbH &amp; Co. KG\t\t\t<\/a>\n\t\t<\/h3>\n\t\t\t\t<div class=\"elementor-post__meta-data\">\n\t\t\t\t\t<span class=\"elementor-post-date\">\n\t\t\t2. April 2026\t\t<\/span>\n\t\t\t\t<\/div>\n\t\t\n\t\t<a class=\"elementor-post__read-more\" href=\"https:\/\/ni-ro.de\/en\/wa_news\/welcome-to-niro-stanzwerk-wetter-sichelschmidt-gmbh-co-kg\/\" aria-label=\"Read more about Welcome to NIRO: Stanzwerk Wetter Sichelschmidt GmbH &amp; Co. KG\" tabindex=\"-1\" >\n\t\t\tRead more \"\t\t<\/a>\n\n\t\t\t\t<\/div>\n\t\t\t\t<\/article>\n\t\t\t\t<article class=\"elementor-post elementor-grid-item post-7315 news_article type-news_article status-publish has-post-thumbnail hentry news_category-aktuell\" role=\"listitem\">\n\t\t\t\t<a class=\"elementor-post__thumbnail__link\" href=\"https:\/\/ni-ro.de\/en\/wa_news\/welcome-to-the-network-our-new-member-limoss-gmbh-co-kg\/\" tabindex=\"-1\" >\n\t\t\t<div class=\"elementor-post__thumbnail\"><img loading=\"lazy\" decoding=\"async\" width=\"300\" height=\"200\" src=\"https:\/\/ni-ro.de\/wp-content\/uploads\/2026\/04\/260401-limoss-Gebaeude-300x200.jpg\" class=\"attachment-medium size-medium wp-image-7295\" alt=\"\" srcset=\"https:\/\/ni-ro.de\/wp-content\/uploads\/2026\/04\/260401-limoss-Gebaeude-300x200.jpg 300w, https:\/\/ni-ro.de\/wp-content\/uploads\/2026\/04\/260401-limoss-Gebaeude-1024x683.jpg 1024w, https:\/\/ni-ro.de\/wp-content\/uploads\/2026\/04\/260401-limoss-Gebaeude-768x512.jpg 768w, https:\/\/ni-ro.de\/wp-content\/uploads\/2026\/04\/260401-limoss-Gebaeude-1536x1024.jpg 1536w, https:\/\/ni-ro.de\/wp-content\/uploads\/2026\/04\/260401-limoss-Gebaeude-2048x1365.jpg 2048w\" sizes=\"(max-width: 300px) 100vw, 300px\" \/><\/div>\n\t\t<\/a>\n\t\t\t\t<div class=\"elementor-post__text\">\n\t\t\t\t<h3 class=\"elementor-post__title\">\n\t\t\t<a href=\"https:\/\/ni-ro.de\/en\/wa_news\/welcome-to-the-network-our-new-member-limoss-gmbh-co-kg\/\" >\n\t\t\t\tWelcome to the network: our new member limoss GmbH &amp; Co KG\t\t\t<\/a>\n\t\t<\/h3>\n\t\t\t\t<div class=\"elementor-post__meta-data\">\n\t\t\t\t\t<span class=\"elementor-post-date\">\n\t\t\t2. April 2026\t\t<\/span>\n\t\t\t\t<\/div>\n\t\t\n\t\t<a class=\"elementor-post__read-more\" href=\"https:\/\/ni-ro.de\/en\/wa_news\/welcome-to-the-network-our-new-member-limoss-gmbh-co-kg\/\" aria-label=\"Read more about Welcome to the network: our new member limoss GmbH &amp; Co KG\" tabindex=\"-1\" >\n\t\t\tRead more \"\t\t<\/a>\n\n\t\t\t\t<\/div>\n\t\t\t\t<\/article>\n\t\t\t\t<\/div>\n\t\t\n\t\t\t\t\t\t<\/div>\n\t\t\t\t<\/div>\n\t\t\t\t\t<\/div>\n\t\t\t\t<\/div>\n\t\t\t\t<\/div>\n\t\t<div class=\"elementor-element elementor-element-8f3983b e-flex e-con-boxed e-con e-parent\" data-id=\"8f3983b\" data-element_type=\"container\" data-e-type=\"container\">\n\t\t\t\t\t<div class=\"e-con-inner\">\n\t\t\t\t\t<\/div>\n\t\t\t\t<\/div>\n\t\t\t\t<\/div>\n\t\t","protected":false},"excerpt":{"rendered":"<p>Gemeinsam die gro\u00dfen und kleinen Herausforderungen meisternDr. Hans Dieter Storzer, Gesch\u00e4ftsf\u00fchrer, EBG electro GmbHIm Netzwerk bekennen wir uns zur Region und leben InnovationMatthias Schmitz, Gesch\u00e4ftsf\u00fchrender<\/p>\n","protected":false},"author":3,"featured_media":0,"parent":0,"menu_order":0,"comment_status":"closed","ping_status":"closed","template":"","meta":{"_acf_changed":false,"footnotes":""},"class_list":["post-1519","page","type-page","status-publish","hentry"],"acf":[],"_links":{"self":[{"href":"https:\/\/ni-ro.de\/en\/wp-json\/wp\/v2\/pages\/1519","targetHints":{"allow":["GET"]}}],"collection":[{"href":"https:\/\/ni-ro.de\/en\/wp-json\/wp\/v2\/pages"}],"about":[{"href":"https:\/\/ni-ro.de\/en\/wp-json\/wp\/v2\/types\/page"}],"author":[{"embeddable":true,"href":"https:\/\/ni-ro.de\/en\/wp-json\/wp\/v2\/users\/3"}],"replies":[{"embeddable":true,"href":"https:\/\/ni-ro.de\/en\/wp-json\/wp\/v2\/comments?post=1519"}],"version-history":[{"count":20,"href":"https:\/\/ni-ro.de\/en\/wp-json\/wp\/v2\/pages\/1519\/revisions"}],"predecessor-version":[{"id":6457,"href":"https:\/\/ni-ro.de\/en\/wp-json\/wp\/v2\/pages\/1519\/revisions\/6457"}],"wp:attachment":[{"href":"https:\/\/ni-ro.de\/en\/wp-json\/wp\/v2\/media?parent=1519"}],"curies":[{"name":"wp","href":"https:\/\/api.w.org\/{rel}","templated":true}]}}