{"id":1565,"date":"2024-11-05T11:41:02","date_gmt":"2024-11-05T10:41:02","guid":{"rendered":"https:\/\/niro.wmg-webdesign.de\/niro\/people\/"},"modified":"2025-11-13T14:22:21","modified_gmt":"2025-11-13T13:22:21","slug":"people","status":"publish","type":"page","link":"https:\/\/ni-ro.de\/en\/niro\/people\/","title":{"rendered":"People"},"content":{"rendered":"\t\t<div data-elementor-type=\"wp-page\" data-elementor-id=\"1565\" class=\"elementor elementor-1565 elementor-85\" data-elementor-post-type=\"page\">\n\t\t\t\t<div class=\"elementor-element elementor-element-96921e1 e-con-full e-flex e-con e-parent\" data-id=\"96921e1\" data-element_type=\"container\" data-e-type=\"container\">\n\t\t\t\t<\/div>\n\t\t<div class=\"elementor-element elementor-element-565a5b3 e-flex e-con-boxed e-con e-parent\" data-id=\"565a5b3\" data-element_type=\"container\" data-e-type=\"container\">\n\t\t\t\t\t<div class=\"e-con-inner\">\n\t\t<div class=\"elementor-element elementor-element-5122d02 e-con-full e-flex e-con e-child\" data-id=\"5122d02\" data-element_type=\"container\" data-e-type=\"container\">\n\t\t\t\t<div class=\"elementor-element elementor-element-35341d6 elementor-widget elementor-widget-text-editor\" data-id=\"35341d6\" data-element_type=\"widget\" data-e-type=\"widget\" data-widget_type=\"text-editor.default\">\n\t\t\t\t<div class=\"elementor-widget-container\">\n\t\t\t\t\t\t\t\t\t<p>Our network is personal, people-centered and individual. Here, some people have their say. They describe the benefits they see for their daily work by actively participating in NIRO.  <\/p>\t\t\t\t\t\t\t\t<\/div>\n\t\t\t\t<\/div>\n\t\t\t\t<\/div>\n\t\t<div class=\"elementor-element elementor-element-88e33da e-con-full e-flex e-con e-child\" data-id=\"88e33da\" data-element_type=\"container\" data-e-type=\"container\">\n\t\t<div class=\"elementor-element elementor-element-0a25eba e-con-full e-flex e-con e-child\" data-id=\"0a25eba\" data-element_type=\"container\" data-e-type=\"container\">\n\t\t\t\t<div class=\"elementor-element elementor-element-c02b788 elementor-widget elementor-widget-image\" data-id=\"c02b788\" data-element_type=\"widget\" data-e-type=\"widget\" data-widget_type=\"image.default\">\n\t\t\t\t<div class=\"elementor-widget-container\">\n\t\t\t\t\t\t\t\t\t\t\t\t\t\t\t<img fetchpriority=\"high\" decoding=\"async\" width=\"1707\" height=\"2560\" src=\"https:\/\/ni-ro.de\/wp-content\/uploads\/2025\/10\/251027_Brosswitz_Zapp_Origimal-scaled.jpg\" class=\"attachment-full size-full wp-image-6465\" alt=\"\" srcset=\"https:\/\/ni-ro.de\/wp-content\/uploads\/2025\/10\/251027_Brosswitz_Zapp_Origimal-scaled.jpg 1707w, https:\/\/ni-ro.de\/wp-content\/uploads\/2025\/10\/251027_Brosswitz_Zapp_Origimal-200x300.jpg 200w, https:\/\/ni-ro.de\/wp-content\/uploads\/2025\/10\/251027_Brosswitz_Zapp_Origimal-683x1024.jpg 683w, https:\/\/ni-ro.de\/wp-content\/uploads\/2025\/10\/251027_Brosswitz_Zapp_Origimal-768x1152.jpg 768w, https:\/\/ni-ro.de\/wp-content\/uploads\/2025\/10\/251027_Brosswitz_Zapp_Origimal-1024x1536.jpg 1024w, https:\/\/ni-ro.de\/wp-content\/uploads\/2025\/10\/251027_Brosswitz_Zapp_Origimal-1365x2048.jpg 1365w, https:\/\/ni-ro.de\/wp-content\/uploads\/2025\/10\/251027_Brosswitz_Zapp_Origimal-600x900.jpg 600w\" sizes=\"(max-width: 1707px) 100vw, 1707px\" \/>\t\t\t\t\t\t\t\t\t\t\t\t\t\t\t<\/div>\n\t\t\t\t<\/div>\n\t\t\t\t<\/div>\n\t\t<div class=\"elementor-element elementor-element-b9db12e e-con-full e-flex e-con e-child\" data-id=\"b9db12e\" data-element_type=\"container\" data-e-type=\"container\">\n\t\t\t\t<div class=\"elementor-element elementor-element-03fe92f elementor-blockquote--skin-quotation elementor-widget elementor-widget-blockquote\" data-id=\"03fe92f\" data-element_type=\"widget\" data-e-type=\"widget\" data-widget_type=\"blockquote.default\">\n\t\t\t\t<div class=\"elementor-widget-container\">\n\t\t\t\t\t\t\t<blockquote class=\"elementor-blockquote\">\n\t\t\t<p class=\"elementor-blockquote__content\">\n\t\t\t\tThe honest and direct exchange at NIRO with other occupational health and safety experts helps me a lot with my daily challenges. It's nice to know that we all have the same tasks and goals in occupational health and safety and that you're not alone.Especially during the challenging coronavirus years, the regular, personal exchange with managers from other companies in the coronavirus group that was set up at NIRO helped me considerably to make the most of this time for our company. The contacts I made there still exist today and enable me to exchange ideas with colleagues from other companies without any red tape.  \n\t\t\t<\/p>\n\t\t\t\t\t\t\t<div class=\"e-q-footer\">\n\t\t\t\t\t\t\t\t\t\t\t<cite class=\"elementor-blockquote__author\">Nadine Brosswitz, Safety Engineer, Quality Management Zapp Systems GmbH<\/cite>\n\t\t\t\t\t\t\t\t\t\t\t\t\t\t<\/div>\n\t\t\t\t\t<\/blockquote>\n\t\t\t\t\t\t<\/div>\n\t\t\t\t<\/div>\n\t\t\t\t<\/div>\n\t\t\t\t<\/div>\n\t\t<div class=\"elementor-element elementor-element-d29af33 e-con-full e-flex e-con e-child\" data-id=\"d29af33\" data-element_type=\"container\" data-e-type=\"container\">\n\t\t<div class=\"elementor-element elementor-element-cca4620 e-con-full e-flex e-con e-child\" data-id=\"cca4620\" data-element_type=\"container\" data-e-type=\"container\">\n\t\t\t\t<div class=\"elementor-element elementor-element-98d94b2 elementor-blockquote--skin-quotation elementor-widget elementor-widget-blockquote\" data-id=\"98d94b2\" data-element_type=\"widget\" data-e-type=\"widget\" data-widget_type=\"blockquote.default\">\n\t\t\t\t<div class=\"elementor-widget-container\">\n\t\t\t\t\t\t\t<blockquote class=\"elementor-blockquote\">\n\t\t\t<p class=\"elementor-blockquote__content\">\n\t\t\t\tEverything we do is a joint success. We also believe that the network has positive effects for everyone involved. We have interesting contacts with whom we can discuss both the big issues and the small challenges. We see external impulses as broadening and enriching our horizons. We learn from the experiences of other network participants and can share our findings.    \t\t\t<\/p>\n\t\t\t\t\t\t\t<div class=\"e-q-footer\">\n\t\t\t\t\t\t\t\t\t\t\t<cite class=\"elementor-blockquote__author\">Dr. Hans Dieter Storzer, Gesch\u00e4ftsf\u00fchrer CTO, EBG electro GmbH<\/cite>\n\t\t\t\t\t\t\t\t\t\t\t\t\t\t<\/div>\n\t\t\t\t\t<\/blockquote>\n\t\t\t\t\t\t<\/div>\n\t\t\t\t<\/div>\n\t\t\t\t<\/div>\n\t\t<div class=\"elementor-element elementor-element-f972ed3 e-con-full e-flex e-con e-child\" data-id=\"f972ed3\" data-element_type=\"container\" data-e-type=\"container\">\n\t\t\t\t<div class=\"elementor-element elementor-element-db9f71d elementor-widget elementor-widget-image\" data-id=\"db9f71d\" data-element_type=\"widget\" data-e-type=\"widget\" data-widget_type=\"image.default\">\n\t\t\t\t<div class=\"elementor-widget-container\">\n\t\t\t\t\t\t\t\t\t\t\t\t\t\t\t<img decoding=\"async\" width=\"341\" height=\"509\" src=\"https:\/\/ni-ro.de\/wp-content\/uploads\/2024\/11\/storzer-e1731060143685.jpg\" class=\"attachment-full size-full wp-image-2037\" alt=\"\" \/>\t\t\t\t\t\t\t\t\t\t\t\t\t\t\t<\/div>\n\t\t\t\t<\/div>\n\t\t\t\t<\/div>\n\t\t\t\t<\/div>\n\t\t<div class=\"elementor-element elementor-element-8d3086e e-con-full e-flex e-con e-child\" data-id=\"8d3086e\" data-element_type=\"container\" data-e-type=\"container\">\n\t\t<div class=\"elementor-element elementor-element-c746f8f e-con-full e-flex e-con e-child\" data-id=\"c746f8f\" data-element_type=\"container\" data-e-type=\"container\">\n\t\t\t\t<div class=\"elementor-element elementor-element-6f41060 elementor-widget elementor-widget-image\" data-id=\"6f41060\" data-element_type=\"widget\" data-e-type=\"widget\" data-widget_type=\"image.default\">\n\t\t\t\t<div class=\"elementor-widget-container\">\n\t\t\t\t\t\t\t\t\t\t\t\t\t\t\t<img decoding=\"async\" width=\"341\" height=\"509\" src=\"https:\/\/ni-ro.de\/wp-content\/uploads\/2024\/11\/schmitz-e1731060313355.jpg\" class=\"attachment-full size-full wp-image-2035\" alt=\"\" \/>\t\t\t\t\t\t\t\t\t\t\t\t\t\t\t<\/div>\n\t\t\t\t<\/div>\n\t\t\t\t<\/div>\n\t\t<div class=\"elementor-element elementor-element-74eb3e2 e-con-full e-flex e-con e-child\" data-id=\"74eb3e2\" data-element_type=\"container\" data-e-type=\"container\">\n\t\t\t\t<div class=\"elementor-element elementor-element-17fdb48 elementor-blockquote--skin-quotation elementor-widget elementor-widget-blockquote\" data-id=\"17fdb48\" data-element_type=\"widget\" data-e-type=\"widget\" data-widget_type=\"blockquote.default\">\n\t\t\t\t<div class=\"elementor-widget-container\">\n\t\t\t\t\t\t\t<blockquote class=\"elementor-blockquote\">\n\t\t\t<p class=\"elementor-blockquote__content\">\n\t\t\t\tThe member companies in this network share many values, which also form a very large part of our corporate philosophy: On the one hand, this is our commitment to our region, which is constantly changing and is constantly confronted with change. This also includes preserving tradition without remaining stuck in the past. With innovations and new, fresh ideas, we remain fit for the future. This is reflected in our network. At a wide variety of events and activities, the varied, trusting and personal exchange is valuable and provides new impetus.    \t\t\t<\/p>\n\t\t\t\t\t\t\t<div class=\"e-q-footer\">\n\t\t\t\t\t\t\t\t\t\t\t<cite class=\"elementor-blockquote__author\">Matthias Schmitz, Gesch\u00e4ftsf\u00fchrender Gesellschafter SCHMITZ medical GmbH und NIRO-Vorstandsmitglied<\/cite>\n\t\t\t\t\t\t\t\t\t\t\t\t\t\t<\/div>\n\t\t\t\t\t<\/blockquote>\n\t\t\t\t\t\t<\/div>\n\t\t\t\t<\/div>\n\t\t\t\t<\/div>\n\t\t\t\t<\/div>\n\t\t<div class=\"elementor-element elementor-element-8863515 e-con-full e-flex e-con e-child\" data-id=\"8863515\" data-element_type=\"container\" data-e-type=\"container\">\n\t\t<div class=\"elementor-element elementor-element-050122d e-con-full e-flex e-con e-child\" data-id=\"050122d\" data-element_type=\"container\" data-e-type=\"container\">\n\t\t\t\t<div class=\"elementor-element elementor-element-0b1df5b elementor-blockquote--skin-quotation elementor-widget elementor-widget-blockquote\" data-id=\"0b1df5b\" data-element_type=\"widget\" data-e-type=\"widget\" data-widget_type=\"blockquote.default\">\n\t\t\t\t<div class=\"elementor-widget-container\">\n\t\t\t\t\t\t\t<blockquote class=\"elementor-blockquote\">\n\t\t\t<p class=\"elementor-blockquote__content\">\n\t\t\t\tSmall and medium-sized companies have joined forces in the NIRO network in order to be able to respond even better to the demands of the global market through cooperation. The majority of these companies are already market and innovation leaders and are well positioned internationally. Nevertheless, the market leaders have also recognized the advantages of network cooperation: Sharing experience and building relationships based on trust pay off.  \t\t\t<\/p>\n\t\t\t\t\t\t\t<div class=\"e-q-footer\">\n\t\t\t\t\t\t\t\t\t\t\t<cite class=\"elementor-blockquote__author\">Detlev H\u00f6hner, Gesch\u00e4ftsf\u00fchrer, MURTFELDT GmbH &amp; Co. KG<\/cite>\n\t\t\t\t\t\t\t\t\t\t\t\t\t\t<\/div>\n\t\t\t\t\t<\/blockquote>\n\t\t\t\t\t\t<\/div>\n\t\t\t\t<\/div>\n\t\t\t\t<\/div>\n\t\t<div class=\"elementor-element elementor-element-d4bc91f e-con-full e-flex e-con e-child\" data-id=\"d4bc91f\" data-element_type=\"container\" data-e-type=\"container\">\n\t\t\t\t<div class=\"elementor-element elementor-element-93ff8ab elementor-widget elementor-widget-image\" data-id=\"93ff8ab\" data-element_type=\"widget\" data-e-type=\"widget\" data-widget_type=\"image.default\">\n\t\t\t\t<div class=\"elementor-widget-container\">\n\t\t\t\t\t\t\t\t\t\t\t\t\t\t\t<img loading=\"lazy\" decoding=\"async\" width=\"341\" height=\"509\" src=\"https:\/\/ni-ro.de\/wp-content\/uploads\/2024\/11\/hoehner-e1731060415479.jpg\" class=\"attachment-full size-full wp-image-2033\" alt=\"\" \/>\t\t\t\t\t\t\t\t\t\t\t\t\t\t\t<\/div>\n\t\t\t\t<\/div>\n\t\t\t\t<\/div>\n\t\t\t\t<\/div>\n\t\t<div class=\"elementor-element elementor-element-2c00503 e-con-full e-flex e-con e-child\" data-id=\"2c00503\" data-element_type=\"container\" data-e-type=\"container\">\n\t\t<div class=\"elementor-element elementor-element-834817c e-con-full e-flex e-con e-child\" data-id=\"834817c\" data-element_type=\"container\" data-e-type=\"container\">\n\t\t\t\t<div class=\"elementor-element elementor-element-2e09864 elementor-widget elementor-widget-image\" data-id=\"2e09864\" data-element_type=\"widget\" data-e-type=\"widget\" data-widget_type=\"image.default\">\n\t\t\t\t<div class=\"elementor-widget-container\">\n\t\t\t\t\t\t\t\t\t\t\t\t\t\t\t<img loading=\"lazy\" decoding=\"async\" width=\"1761\" height=\"2317\" src=\"https:\/\/ni-ro.de\/wp-content\/uploads\/2025\/10\/240119-Bild-Edelhoff_Diagramm_Hochformat.jpeg\" class=\"attachment-full size-full wp-image-6460\" alt=\"\" srcset=\"https:\/\/ni-ro.de\/wp-content\/uploads\/2025\/10\/240119-Bild-Edelhoff_Diagramm_Hochformat.jpeg 1761w, https:\/\/ni-ro.de\/wp-content\/uploads\/2025\/10\/240119-Bild-Edelhoff_Diagramm_Hochformat-228x300.jpeg 228w, https:\/\/ni-ro.de\/wp-content\/uploads\/2025\/10\/240119-Bild-Edelhoff_Diagramm_Hochformat-778x1024.jpeg 778w, https:\/\/ni-ro.de\/wp-content\/uploads\/2025\/10\/240119-Bild-Edelhoff_Diagramm_Hochformat-768x1010.jpeg 768w, https:\/\/ni-ro.de\/wp-content\/uploads\/2025\/10\/240119-Bild-Edelhoff_Diagramm_Hochformat-1167x1536.jpeg 1167w, https:\/\/ni-ro.de\/wp-content\/uploads\/2025\/10\/240119-Bild-Edelhoff_Diagramm_Hochformat-1557x2048.jpeg 1557w, https:\/\/ni-ro.de\/wp-content\/uploads\/2025\/10\/240119-Bild-Edelhoff_Diagramm_Hochformat-600x789.jpeg 600w\" sizes=\"(max-width: 1761px) 100vw, 1761px\" \/>\t\t\t\t\t\t\t\t\t\t\t\t\t\t\t<\/div>\n\t\t\t\t<\/div>\n\t\t\t\t<\/div>\n\t\t<div class=\"elementor-element elementor-element-a82a70c e-con-full e-flex e-con e-child\" data-id=\"a82a70c\" data-element_type=\"container\" data-e-type=\"container\">\n\t\t\t\t<div class=\"elementor-element elementor-element-c33960f elementor-blockquote--skin-quotation elementor-widget elementor-widget-blockquote\" data-id=\"c33960f\" data-element_type=\"widget\" data-e-type=\"widget\" data-widget_type=\"blockquote.default\">\n\t\t\t\t<div class=\"elementor-widget-container\">\n\t\t\t\t\t\t\t<blockquote class=\"elementor-blockquote\">\n\t\t\t<p class=\"elementor-blockquote__content\">\n\t\t\t\tNIRO offers us a space in which we, as companies of different sizes, can learn from each other, cooperate with each other and jointly develop innovative solutions for the requirements of the modern working world.\n\nOne of the greatest challenges of our time is the shortage of skilled workers and the promotion of our employees' ability to develop within the company. I don't face this task alone in the network and can rethink, discuss and develop ideas and strategies together.\nThe NIRO Academy offers needs-oriented training formats such as \"NIRO Talente PLUS\", in which employees can work on their personal strengths regardless of their qualifications and position. There is also constant impetus and support through sponsored projects.\nThese unique selling points contribute to enormous benefits both for our employees and for us as a company.\t\t\t<\/p>\n\t\t\t\t\t\t\t<div class=\"e-q-footer\">\n\t\t\t\t\t\t\t\t\t\t\t<cite class=\"elementor-blockquote__author\">Alexandra Edelhoff, Leiterin Personalmanagement, Diagramm Halbach GmbH &amp; Co. KG<\/cite>\n\t\t\t\t\t\t\t\t\t\t\t\t\t\t<\/div>\n\t\t\t\t\t<\/blockquote>\n\t\t\t\t\t\t<\/div>\n\t\t\t\t<\/div>\n\t\t\t\t<\/div>\n\t\t\t\t<\/div>\n\t\t<div class=\"elementor-element elementor-element-08bd62c e-con-full e-flex e-con e-child\" data-id=\"08bd62c\" data-element_type=\"container\" data-e-type=\"container\">\n\t\t<div class=\"elementor-element elementor-element-d0672c9 e-con-full e-flex e-con e-child\" data-id=\"d0672c9\" data-element_type=\"container\" data-e-type=\"container\">\n\t\t\t\t<div class=\"elementor-element elementor-element-50292b0 elementor-blockquote--skin-quotation elementor-widget elementor-widget-blockquote\" data-id=\"50292b0\" data-element_type=\"widget\" data-e-type=\"widget\" data-widget_type=\"blockquote.default\">\n\t\t\t\t<div class=\"elementor-widget-container\">\n\t\t\t\t\t\t\t<blockquote class=\"elementor-blockquote\">\n\t\t\t<p class=\"elementor-blockquote__content\">\n\t\t\t\tAt NIRO, we purchase indirect materials and energy together. The same conditions and contractual terms apply to all members. By pooling requirements, the negotiating groups, which are made up of purchasing managers from the member companies, have a good basis for negotiating with suppliers. Through higher volumes, we achieve negotiation successes together and benefit as a company from noticeable effects. Suppliers benefit from a reliable and attractive customer pool with high sales potential. In addition to the attractive framework agreements, at NIRO I value the trusting exchange with other people in the network on purchasing-related topics.     \t\t\t<\/p>\n\t\t\t\t\t\t\t<div class=\"e-q-footer\">\n\t\t\t\t\t\t\t\t\t\t\t<cite class=\"elementor-blockquote__author\">Sascha Scharne, Einkauf, Gruppenleiter Investitions- und Dienstleistungseinkauf ERCO GmbH<\/cite>\n\t\t\t\t\t\t\t\t\t\t\t\t\t\t<\/div>\n\t\t\t\t\t<\/blockquote>\n\t\t\t\t\t\t<\/div>\n\t\t\t\t<\/div>\n\t\t\t\t<\/div>\n\t\t<div class=\"elementor-element elementor-element-6ac634a e-con-full e-flex e-con e-child\" data-id=\"6ac634a\" data-element_type=\"container\" data-e-type=\"container\">\n\t\t\t\t<div class=\"elementor-element elementor-element-cba6062 elementor-widget elementor-widget-image\" data-id=\"cba6062\" data-element_type=\"widget\" data-e-type=\"widget\" data-widget_type=\"image.default\">\n\t\t\t\t<div class=\"elementor-widget-container\">\n\t\t\t\t\t\t\t\t\t\t\t\t\t\t\t<img loading=\"lazy\" decoding=\"async\" width=\"341\" height=\"509\" src=\"https:\/\/ni-ro.de\/wp-content\/uploads\/2024\/11\/scharne-e1731060549869.jpg\" class=\"attachment-full size-full wp-image-2029\" alt=\"\" \/>\t\t\t\t\t\t\t\t\t\t\t\t\t\t\t<\/div>\n\t\t\t\t<\/div>\n\t\t\t\t<\/div>\n\t\t\t\t<\/div>\n\t\t<div class=\"elementor-element elementor-element-dee4a84 e-con-full e-flex e-con e-child\" data-id=\"dee4a84\" data-element_type=\"container\" data-e-type=\"container\">\n\t\t<div class=\"elementor-element elementor-element-41202d1 e-con-full e-flex e-con e-child\" data-id=\"41202d1\" data-element_type=\"container\" data-e-type=\"container\">\n\t\t\t\t<div class=\"elementor-element elementor-element-7b059a4 elementor-widget elementor-widget-image\" data-id=\"7b059a4\" data-element_type=\"widget\" data-e-type=\"widget\" data-widget_type=\"image.default\">\n\t\t\t\t<div class=\"elementor-widget-container\">\n\t\t\t\t\t\t\t\t\t\t\t\t\t\t\t<img loading=\"lazy\" decoding=\"async\" width=\"339\" height=\"509\" src=\"https:\/\/ni-ro.de\/wp-content\/uploads\/2024\/11\/voigt-e1731060613522.jpg\" class=\"attachment-full size-full wp-image-2027\" alt=\"\" \/>\t\t\t\t\t\t\t\t\t\t\t\t\t\t\t<\/div>\n\t\t\t\t<\/div>\n\t\t\t\t<\/div>\n\t\t<div class=\"elementor-element elementor-element-9a399f7 e-con-full e-flex e-con e-child\" data-id=\"9a399f7\" data-element_type=\"container\" data-e-type=\"container\">\n\t\t\t\t<div class=\"elementor-element elementor-element-1835f05 elementor-blockquote--skin-quotation elementor-widget elementor-widget-blockquote\" data-id=\"1835f05\" data-element_type=\"widget\" data-e-type=\"widget\" data-widget_type=\"blockquote.default\">\n\t\t\t\t<div class=\"elementor-widget-container\">\n\t\t\t\t\t\t\t<blockquote class=\"elementor-blockquote\">\n\t\t\t<p class=\"elementor-blockquote__content\">\n\t\t\t\tIt is very important for us to establish personal contacts with experts from other companies in order to exchange experiences directly and obtain recommendations for working on our own tasks. For example, at the meetings of the Shipping, Foreign Trade and Logistics working group, companies give each other recommendations for action on company-specific issues. We have the experts in the network.  \t\t\t<\/p>\n\t\t\t\t\t\t\t<div class=\"e-q-footer\">\n\t\t\t\t\t\t\t\t\t\t\t<cite class=\"elementor-blockquote__author\">Thomas Voigt, Leiter Logistik, Stromag GmbH<\/cite>\n\t\t\t\t\t\t\t\t\t\t\t\t\t\t<\/div>\n\t\t\t\t\t<\/blockquote>\n\t\t\t\t\t\t<\/div>\n\t\t\t\t<\/div>\n\t\t\t\t<\/div>\n\t\t\t\t<\/div>\n\t\t\t\t\t<\/div>\n\t\t\t\t<\/div>\n\t\t\t\t<\/div>\n\t\t","protected":false},"excerpt":{"rendered":"<p>Our network is personal, people-centered and individual. Here, some people have their say. They describe the benefits they see for their daily work by actively participating in NIRO. The honest and direct exchange at NIRO with other occupational health and safety experts helps me a lot with my daily challenges. It&#8217;s nice to know that [&hellip;]<\/p>\n","protected":false},"author":2,"featured_media":0,"parent":1519,"menu_order":0,"comment_status":"closed","ping_status":"closed","template":"","meta":{"_acf_changed":false,"footnotes":""},"class_list":["post-1565","page","type-page","status-publish","hentry"],"acf":[],"_links":{"self":[{"href":"https:\/\/ni-ro.de\/en\/wp-json\/wp\/v2\/pages\/1565","targetHints":{"allow":["GET"]}}],"collection":[{"href":"https:\/\/ni-ro.de\/en\/wp-json\/wp\/v2\/pages"}],"about":[{"href":"https:\/\/ni-ro.de\/en\/wp-json\/wp\/v2\/types\/page"}],"author":[{"embeddable":true,"href":"https:\/\/ni-ro.de\/en\/wp-json\/wp\/v2\/users\/2"}],"replies":[{"embeddable":true,"href":"https:\/\/ni-ro.de\/en\/wp-json\/wp\/v2\/comments?post=1565"}],"version-history":[{"count":7,"href":"https:\/\/ni-ro.de\/en\/wp-json\/wp\/v2\/pages\/1565\/revisions"}],"predecessor-version":[{"id":6864,"href":"https:\/\/ni-ro.de\/en\/wp-json\/wp\/v2\/pages\/1565\/revisions\/6864"}],"up":[{"embeddable":true,"href":"https:\/\/ni-ro.de\/en\/wp-json\/wp\/v2\/pages\/1519"}],"wp:attachment":[{"href":"https:\/\/ni-ro.de\/en\/wp-json\/wp\/v2\/media?parent=1565"}],"curies":[{"name":"wp","href":"https:\/\/api.w.org\/{rel}","templated":true}]}}