{"id":4661,"date":"2025-03-18T10:10:48","date_gmt":"2025-03-18T09:10:48","guid":{"rendered":"https:\/\/ni-ro.de\/events\/"},"modified":"2025-11-22T18:53:07","modified_gmt":"2025-11-22T17:53:07","slug":"events","status":"publish","type":"page","link":"https:\/\/ni-ro.de\/en\/events\/","title":{"rendered":"Seminars"},"content":{"rendered":"\t\t<div data-elementor-type=\"wp-page\" data-elementor-id=\"4661\" class=\"elementor elementor-4661 elementor-4659\" data-elementor-post-type=\"page\">\n\t\t\t\t<div class=\"elementor-element elementor-element-34dec54 e-con-full e-flex e-con e-parent\" data-id=\"34dec54\" data-element_type=\"container\" data-e-type=\"container\">\n\t\t<div class=\"elementor-element elementor-element-e35f724 e-flex e-con-boxed e-con e-child\" data-id=\"e35f724\" data-element_type=\"container\" data-e-type=\"container\" id=\"heroMainContent\">\n\t\t\t\t\t<div class=\"e-con-inner\">\n\t\t\t\t<div class=\"elementor-element elementor-element-6fcb5fc elementor-widget elementor-widget-text-editor\" data-id=\"6fcb5fc\" data-element_type=\"widget\" data-e-type=\"widget\" data-widget_type=\"text-editor.default\">\n\t\t\t\t<div class=\"elementor-widget-container\">\n\t\t\t\t\t\t\t\t\t<p>The NIRO Academy was created through the trusting and dynamic work of NIRO members and their motivation to really make a difference. Its working methods are characterized in equal measure by trust, dynamism and the desire for change.<br>The Academy makes a decisive contribution to maintaining and developing talent and skills in companies. The training courses are designed to offer tangible solutions that help companies move forward and bring about positive change.  <\/p><p>The content and processes of our training courses and seminars have been jointly developed by specialists and HR managers from NIRO member companies. This means that they are precisely tailored to the wishes and needs of production companies. <\/p>\t\t\t\t\t\t\t\t<\/div>\n\t\t\t\t<\/div>\n\t\t\t\t\t<\/div>\n\t\t\t\t<\/div>\n\t\t\t\t<\/div>\n\t\t<div class=\"elementor-element elementor-element-25686489 aa_w_style_old, niro-wilke-events e-flex e-con-boxed e-con e-parent\" data-id=\"25686489\" data-element_type=\"container\" data-e-type=\"container\" id=\"aa_events_neue_old\">\n\t\t\t\t\t<div class=\"e-con-inner\">\n\t\t\t\t<div class=\"elementor-element elementor-element-05c865f elementor-widget elementor-widget-shortcode\" data-id=\"05c865f\" data-element_type=\"widget\" data-e-type=\"widget\" data-widget_type=\"shortcode.default\">\n\t\t\t\t<div class=\"elementor-widget-container\">\n\t\t\t\t\t\t\t<div class=\"elementor-shortcode\">    <form method=\"GET\" class=\"wilke-search wa-flex-1\">\n        <input name=\"search\" placeholder=\"Suche...\" value=\"\"\n            class=\"wilke-search wa-box-border wa-w-full wa-px-5 wa-py-3 wa-text-sm wa-rounded-lg wa-border-solid wa-border wa-border-[rgba(34,113,177,0.2)] hover:wa-border-[rgba(34,113,177,0.6)]\"\n        \/>\n    <\/form>\n\n<\/div>\n\t\t\t\t\t\t<\/div>\n\t\t\t\t<\/div>\n\t\t\t\t<div class=\"elementor-element elementor-element-432fb8cc elementor-widget elementor-widget-shortcode\" data-id=\"432fb8cc\" data-element_type=\"widget\" data-e-type=\"widget\" data-widget_type=\"shortcode.default\">\n\t\t\t\t<div class=\"elementor-widget-container\">\n\t\t\t\t\t\t\t<div class=\"elementor-shortcode\">    <div class=\"wilke-event-list wilke-event-list-small wa-grid wa-grid-cols-3 wa-gap-2\">\n            <\/div>\n\n<\/div>\n\t\t\t\t\t\t<\/div>\n\t\t\t\t<\/div>\n\t\t<div class=\"elementor-element elementor-element-e0bce8e e-con-full e-flex e-con e-child\" data-id=\"e0bce8e\" data-element_type=\"container\" data-e-type=\"container\" id=\"static-events\">\n\t\t\t\t<div class=\"elementor-element elementor-element-5446021 elementor-widget elementor-widget-heading\" data-id=\"5446021\" data-element_type=\"widget\" data-e-type=\"widget\" data-widget_type=\"heading.default\">\n\t\t\t\t<div class=\"elementor-widget-container\">\n\t\t\t\t\t<h2 class=\"elementor-heading-title elementor-size-default\">Further seminar topics<\/h2>\t\t\t\t<\/div>\n\t\t\t\t<\/div>\n\t\t<div class=\"elementor-element elementor-element-3413116 e-con-full e-grid e-con e-child\" data-id=\"3413116\" data-element_type=\"container\" data-e-type=\"container\">\n\t\t\t\t<div class=\"elementor-element elementor-element-6fbdd98 elementor-widget elementor-widget-static_event\" data-id=\"6fbdd98\" data-element_type=\"widget\" data-e-type=\"widget\" data-widget_type=\"static_event.default\">\n\t\t\t\t<div class=\"elementor-widget-container\">\n\t\t\t\t\t            <div class=\"wilke-event wa-my-2 wa-bg-slate-50 wa-px-4 wa-py-4 wa-rounded-lg wa-shadow-sm wa-border-solid wa-border wa-flex wa-flex-col wa-gap-3\" style=\"border-color: rgb(34 113 177 \/ 0.1);\">\n                <div class=\"wa-flex wa-flex-col wa-gap-2\">\n                    <strong class=\"wilke-event-title wa-text-lg wa-font-semibold wa-text-[#0F3452]\">F\u00fchrung und Kommunikation<\/strong>\n                    <span class=\"wilke-event-subtitle wa-opacity-50 wa-text-base\">Wie gelingt es, Mitarbeiterinnen und Mitarbeiter motiviert, klar und empathisch zu f\u00fchren? Unser Seminar unterst\u00fctzt F\u00fchrungskr\u00e4fte dabei, ihre Rolle bewusst zu leben und Kommunikation gezielt als Schl\u00fcssel erfolgreicher F\u00fchrung einzusetzen. In praxisnahen \u00dcbungen entwickeln die Teilnehmerinnen und Teilnehmer Sicherheit in Mitarbeitergespr\u00e4chen, lernen Konfliktsituationen souver\u00e4n zu meistern und st\u00e4rken ihr Einf\u00fchlungsverm\u00f6gen im F\u00fchrungsalltag.<\/span>\n                <\/div>\n                <a href=\"\/akademie-kontakt\/\" class=\"wilke-event-button wa-w-max wa-text-primary wa-border-solid wa-px-3 wa-py-1 wa-rounded-md wa-text-sm wa-font-bold wa-no-underline wa-self-start hover:wa-bg-opacity-90 wa-transition-all\" style=\"text-decoration: none; border-width: 2px;\">Sprechen Sie uns an<\/a>\n            <\/div>\n\t\t\t\t<\/div>\n\t\t\t\t<\/div>\n\t\t\t\t<div class=\"elementor-element elementor-element-99bb3f9 elementor-widget elementor-widget-static_event\" data-id=\"99bb3f9\" data-element_type=\"widget\" data-e-type=\"widget\" data-widget_type=\"static_event.default\">\n\t\t\t\t<div class=\"elementor-widget-container\">\n\t\t\t\t\t            <div class=\"wilke-event wa-my-2 wa-bg-slate-50 wa-px-4 wa-py-4 wa-rounded-lg wa-shadow-sm wa-border-solid wa-border wa-flex wa-flex-col wa-gap-3\" style=\"border-color: rgb(34 113 177 \/ 0.1);\">\n                <div class=\"wa-flex wa-flex-col wa-gap-2\">\n                    <strong class=\"wilke-event-title wa-text-lg wa-font-semibold wa-text-[#0F3452]\">Grundlagen und Verhandlungen im Einkauf<\/strong>\n                    <span class=\"wilke-event-subtitle wa-opacity-50 wa-text-base\">Der Einkauf steht heute mehr denn je im Mittelpunkt unternehmerischen Erfolgs. Dieses Seminar vermittelt die Grundlagen eines professionellen Einkaufs und zeigt, wie strategisches Denken und \u00fcberzeugende Verhandlungstechniken zu besseren Ergebnissen f\u00fchren. In praxisnahen \u00dcbungen und Rollenspielen trainieren die Teilnehmer und Teilnehmerinnnen, souver\u00e4n aufzutreten, Verhandlungen gezielt vorzubereiten und sicher zum Erfolg zu f\u00fchren.<\/span>\n                <\/div>\n                <a href=\"\/akademie-kontakt\/\" class=\"wilke-event-button wa-w-max wa-text-primary wa-border-solid wa-px-3 wa-py-1 wa-rounded-md wa-text-sm wa-font-bold wa-no-underline wa-self-start hover:wa-bg-opacity-90 wa-transition-all\" style=\"text-decoration: none; border-width: 2px;\">Sprechen Sie uns an<\/a>\n            <\/div>\n\t\t\t\t<\/div>\n\t\t\t\t<\/div>\n\t\t\t\t<div class=\"elementor-element elementor-element-78ef42a elementor-widget elementor-widget-static_event\" data-id=\"78ef42a\" data-element_type=\"widget\" data-e-type=\"widget\" data-widget_type=\"static_event.default\">\n\t\t\t\t<div class=\"elementor-widget-container\">\n\t\t\t\t\t            <div class=\"wilke-event wa-my-2 wa-bg-slate-50 wa-px-4 wa-py-4 wa-rounded-lg wa-shadow-sm wa-border-solid wa-border wa-flex wa-flex-col wa-gap-3\" style=\"border-color: rgb(34 113 177 \/ 0.1);\">\n                <div class=\"wa-flex wa-flex-col wa-gap-2\">\n                    <strong class=\"wilke-event-title wa-text-lg wa-font-semibold wa-text-[#0F3452]\">Erfolgreiches Projektmanagement<\/strong>\n                    <span class=\"wilke-event-subtitle wa-opacity-50 wa-text-base\">Unser Seminar vermittelt praxisnahes Wissen, um Projekte erfolgreich zu planen, zu steuern und abzuschlie\u00dfen. Teilnehmerinnen und Teilnehmer lernen, Aufgaben und Rollen klar zu definieren, Teams gezielt einzubinden und Projekte methodisch sicher zum Erfolg zu f\u00fchren. Durch \u00dcbungen und den Austausch mit anderen gewinnen sie Sicherheit im Umgang mit Herausforderungen und entwickeln ein Verst\u00e4ndnis f\u00fcr modernes, agiles Projektmanagement.<\/span>\n                <\/div>\n                <a href=\"\/akademie-kontakt\/\" class=\"wilke-event-button wa-w-max wa-text-primary wa-border-solid wa-px-3 wa-py-1 wa-rounded-md wa-text-sm wa-font-bold wa-no-underline wa-self-start hover:wa-bg-opacity-90 wa-transition-all\" style=\"text-decoration: none; border-width: 2px;\">Sprechen Sie uns an<\/a>\n            <\/div>\n\t\t\t\t<\/div>\n\t\t\t\t<\/div>\n\t\t\t\t<\/div>\n\t\t\t\t<\/div>\n\t\t<div class=\"elementor-element elementor-element-1348f73 e-con-full e-flex e-con e-child\" data-id=\"1348f73\" data-element_type=\"container\" data-e-type=\"container\">\n\t\t\t\t<div class=\"elementor-element elementor-element-c7e3065 elementor-widget elementor-widget-html\" data-id=\"c7e3065\" data-element_type=\"widget\" data-e-type=\"widget\" data-widget_type=\"html.default\">\n\t\t\t\t<div class=\"elementor-widget-container\">\n\t\t\t\t\t<script>document.addEventListener(\"DOMContentLoaded\", function () {\n    const urlParams = new URLSearchParams(window.location.search);\n    if (urlParams.has(\"event_id\")) {\n      const search =  document.getElementsByClassName(\"wilke-search\")[0];\n      if (search) {\n          search.style.display = \"none\";\n      }\n      const welcomeContent = document.getElementById(\"heroMainContent\");\n      if (welcomeContent) {\n          welcomeContent.style.display = \"none\";\n      }\n      const staicEvents = document.getElementById(\"static-events\");\n      if (staicEvents) {\n        staicEvents.style.display = \"none\";\n      }\n    }\n  });\n<\/script>\t\t\t\t<\/div>\n\t\t\t\t<\/div>\n\t\t\t\t<\/div>\n\t\t\t\t\t<\/div>\n\t\t\t\t<\/div>\n\t\t\t\t<\/div>\n\t\t","protected":false},"excerpt":{"rendered":"<p>The NIRO Academy was created through the trusting and dynamic work of NIRO members and their motivation to really make a difference. Its working methods are characterized in equal measure by trust, dynamism and the desire for change.The Academy makes a decisive contribution to maintaining and developing talent and skills in companies. The training courses [&hellip;]<\/p>\n","protected":false},"author":1,"featured_media":0,"parent":0,"menu_order":0,"comment_status":"closed","ping_status":"closed","template":"","meta":{"_acf_changed":false,"footnotes":""},"class_list":["post-4661","page","type-page","status-publish","hentry"],"acf":[],"_links":{"self":[{"href":"https:\/\/ni-ro.de\/en\/wp-json\/wp\/v2\/pages\/4661","targetHints":{"allow":["GET"]}}],"collection":[{"href":"https:\/\/ni-ro.de\/en\/wp-json\/wp\/v2\/pages"}],"about":[{"href":"https:\/\/ni-ro.de\/en\/wp-json\/wp\/v2\/types\/page"}],"author":[{"embeddable":true,"href":"https:\/\/ni-ro.de\/en\/wp-json\/wp\/v2\/users\/1"}],"replies":[{"embeddable":true,"href":"https:\/\/ni-ro.de\/en\/wp-json\/wp\/v2\/comments?post=4661"}],"version-history":[{"count":55,"href":"https:\/\/ni-ro.de\/en\/wp-json\/wp\/v2\/pages\/4661\/revisions"}],"predecessor-version":[{"id":6899,"href":"https:\/\/ni-ro.de\/en\/wp-json\/wp\/v2\/pages\/4661\/revisions\/6899"}],"wp:attachment":[{"href":"https:\/\/ni-ro.de\/en\/wp-json\/wp\/v2\/media?parent=4661"}],"curies":[{"name":"wp","href":"https:\/\/api.w.org\/{rel}","templated":true}]}}